{"id":7,"date":"2020-12-28T14:22:35","date_gmt":"2020-12-28T14:22:35","guid":{"rendered":"https:\/\/rubangel.csformacion.com\/?page_id=7"},"modified":"2025-12-10T20:40:37","modified_gmt":"2025-12-10T20:40:37","slug":"recursos","status":"publish","type":"page","link":"https:\/\/rubangel.csformacion.com\/index.php\/recursos\/","title":{"rendered":"Recursos"},"content":{"rendered":"\t\t<div data-elementor-type=\"wp-page\" data-elementor-id=\"7\" class=\"elementor elementor-7\" data-elementor-post-type=\"page\">\n\t\t\t\t<div class=\"elementor-element elementor-element-8f46b21 e-flex e-con-boxed e-con e-parent\" data-id=\"8f46b21\" data-element_type=\"container\" data-e-type=\"container\">\n\t\t\t\t\t<div class=\"e-con-inner\">\n\t\t\t\t<div class=\"elementor-element elementor-element-c2af8dc elementor-widget__width-inherit elementor-widget elementor-widget-heading\" data-id=\"c2af8dc\" data-element_type=\"widget\" data-e-type=\"widget\" data-widget_type=\"heading.default\">\n\t\t\t\t\t<p class=\"elementor-heading-title elementor-size-default\">Recursos<\/p>\t\t\t\t<\/div>\n\t\t\t\t\t<\/div>\n\t\t\t\t<\/div>\n\t\t<div class=\"elementor-element elementor-element-0ed9811 e-flex e-con-boxed e-con e-parent\" data-id=\"0ed9811\" data-element_type=\"container\" data-e-type=\"container\">\n\t\t\t\t\t<div class=\"e-con-inner\">\n\t\t\t\t<div class=\"elementor-element elementor-element-107611e elementor-widget-divider--view-line elementor-widget elementor-widget-divider\" data-id=\"107611e\" data-element_type=\"widget\" data-e-type=\"widget\" data-widget_type=\"divider.default\">\n\t\t\t\t\t\t\t<div class=\"elementor-divider\">\n\t\t\t<span class=\"elementor-divider-separator\">\n\t\t\t\t\t\t<\/span>\n\t\t<\/div>\n\t\t\t\t\t\t<\/div>\n\t\t\t\t\t<\/div>\n\t\t\t\t<\/div>\n\t\t<div class=\"elementor-element elementor-element-063d7a7 e-flex e-con-boxed e-con e-parent\" data-id=\"063d7a7\" data-element_type=\"container\" data-e-type=\"container\">\n\t\t\t\t\t<div class=\"e-con-inner\">\n\t\t\t\t<div class=\"elementor-element elementor-element-4e89231 elementor-widget elementor-widget-text-editor\" data-id=\"4e89231\" data-element_type=\"widget\" data-e-type=\"widget\" data-widget_type=\"text-editor.default\">\n\t\t\t\t\t\t\t\t\t<p>Vea nuestros\u00a0<a href=\"https:\/\/plastrip.co.za\/es\/pages\/catalogues\" target=\"_blank\" rel=\"noopener\">cat\u00e1logos<\/a>\u00a0y\u00a0<a href=\"https:\/\/plastrip.co.za\/es\/pages\/articles\" target=\"_blank\" rel=\"noopener\">folletos<\/a>\u00a0para obtener informaci\u00f3n m\u00e1s detallada sobre los diversos productos hort\u00edcolas y geol\u00f3gicos que ofrecemos.<\/p>\t\t\t\t\t\t\t\t<\/div>\n\t\t\t\t\t<\/div>\n\t\t\t\t<\/div>\n\t\t\t\t<\/div>\n\t\t","protected":false},"excerpt":{"rendered":"<p>Recursos Vea nuestros\u00a0cat\u00e1logos\u00a0y\u00a0folletos\u00a0para obtener informaci\u00f3n m\u00e1s detallada sobre los diversos productos hort\u00edcolas y geol\u00f3gicos que ofrecemos.<\/p>\n","protected":false},"author":1,"featured_media":0,"parent":0,"menu_order":0,"comment_status":"open","ping_status":"closed","template":"elementor_header_footer","meta":{"footnotes":""},"class_list":["post-7","page","type-page","status-publish","hentry"],"_links":{"self":[{"href":"https:\/\/rubangel.csformacion.com\/index.php\/wp-json\/wp\/v2\/pages\/7","targetHints":{"allow":["GET"]}}],"collection":[{"href":"https:\/\/rubangel.csformacion.com\/index.php\/wp-json\/wp\/v2\/pages"}],"about":[{"href":"https:\/\/rubangel.csformacion.com\/index.php\/wp-json\/wp\/v2\/types\/page"}],"author":[{"embeddable":true,"href":"https:\/\/rubangel.csformacion.com\/index.php\/wp-json\/wp\/v2\/users\/1"}],"replies":[{"embeddable":true,"href":"https:\/\/rubangel.csformacion.com\/index.php\/wp-json\/wp\/v2\/comments?post=7"}],"version-history":[{"count":73,"href":"https:\/\/rubangel.csformacion.com\/index.php\/wp-json\/wp\/v2\/pages\/7\/revisions"}],"predecessor-version":[{"id":812,"href":"https:\/\/rubangel.csformacion.com\/index.php\/wp-json\/wp\/v2\/pages\/7\/revisions\/812"}],"wp:attachment":[{"href":"https:\/\/rubangel.csformacion.com\/index.php\/wp-json\/wp\/v2\/media?parent=7"}],"curies":[{"name":"wp","href":"https:\/\/api.w.org\/{rel}","templated":true}]}}